{"id":10,"date":"2015-02-11T14:35:03","date_gmt":"2015-02-11T14:35:03","guid":{"rendered":"https:\/\/cmfolclore.ufma.br\/?page_id=10"},"modified":"2017-05-03T14:41:46","modified_gmt":"2017-05-03T14:41:46","slug":"pesquisas","status":"publish","type":"page","link":"https:\/\/cmfolclore.ufma.br\/index.php\/pesquisas\/","title":{"rendered":"Pesquisas"},"content":{"rendered":"<table style=\"height: 340px;\" border=\"0\" width=\"556\" cellspacing=\"2\" cellpadding=\"2\" align=\"center\">\n<tbody>\n<tr bgcolor=\"#F3F3F3\">\n<td valign=\"top\"><span class=\"noticia14\">DESCRI\u00c7AO<\/span><\/td>\n<td align=\"center\" valign=\"top\"><span class=\"noticia14\">DATA<\/span><\/td>\n<td align=\"center\" valign=\"top\"><span class=\"noticia14\">DOWNLOAD<\/span><\/td>\n<\/tr>\n<tr bgcolor=\"#F3F3F3\">\n<td valign=\"top\"><span class=\"noticia\">INRC \u2013 Invent\u00e1rio Nacional de Refer\u00eancias Culturais <\/span><\/td>\n<td valign=\"top\"><span class=\"noticia\">Abril de 2002 <\/span><\/td>\n<td align=\"center\" valign=\"top\"><span class=\"noticia\"><a href=\"https:\/\/cmfolclore.ufma.br\/arquivos\/d4a7a509c0311e0dd9a01150852eca4f.pdf\" target=\"_blank\">Clique Aqui <\/a><\/span><\/td>\n<\/tr>\n<tr bgcolor=\"#F3F3F3\">\n<td valign=\"top\"><span class=\"noticia\">Grupos Folcl\u00f3ricos de S\u00e3o Lu\u00eds <\/span><\/td>\n<td valign=\"top\"><span class=\"noticia\">1993 <\/span><\/td>\n<td align=\"center\" valign=\"top\"><span class=\"noticia\"><a href=\"https:\/\/cmfolclore.ufma.br\/arquivos\/ea3cb33fe7a54b109904bf4164e77f50.pdf\" target=\"_blank\">Clique Aqui <\/a><\/span><\/td>\n<\/tr>\n<tr bgcolor=\"#F3F3F3\">\n<td valign=\"top\"><span class=\"noticia\">Grupos Folcl\u00f3ricos do interior do Maranh\u00e3o <\/span><\/td>\n<td valign=\"top\"><span class=\"noticia\">1994 <\/span><\/td>\n<td align=\"center\" valign=\"top\"><span class=\"noticia\"><a href=\"https:\/\/cmfolclore.ufma.br\/arquivos\/6e31250bdcc74dee720a91dde4d39787.pdf\" target=\"_blank\">Clique Aqui <\/a><\/span><\/td>\n<\/tr>\n<tr bgcolor=\"#F3F3F3\">\n<td valign=\"top\"><span class=\"noticia\">Festejos do Divino em S\u00e3o Lu\u00eds <\/span><\/td>\n<td valign=\"top\"><span class=\"noticia\">2005 <\/span><\/td>\n<td align=\"center\" valign=\"top\"><span class=\"noticia\"><a href=\"https:\/\/cmfolclore.ufma.br\/arquivos\/76af71a2bb62f40c175256bbcadb480a.pdf\" target=\"_blank\">Clique Aqui <\/a><\/span><\/td>\n<\/tr>\n<tr bgcolor=\"#F3F3F3\">\n<td valign=\"top\"><span class=\"noticia\">Festejos do Divino em S\u00e3o Lu\u00eds <\/span><\/td>\n<td valign=\"top\"><span class=\"noticia\">Junho de 2006 <\/span><\/td>\n<td align=\"center\" valign=\"top\"><span class=\"noticia\"><a href=\"https:\/\/cmfolclore.ufma.br\/arquivos\/e2a6a24cf47af29c03c96a5500d853da.pdf\" target=\"_blank\">Clique Aqui <\/a><\/span><\/td>\n<\/tr>\n<tr bgcolor=\"#F3F3F3\">\n<td valign=\"top\"><span class=\"noticia\">Grupos de Bumba-meu-boi do Maranh\u00e3o (2007) <\/span><\/td>\n<td valign=\"top\"><span class=\"noticia\">Junho de 2008 <\/span><\/td>\n<td align=\"center\" valign=\"top\"><span class=\"noticia\"><a href=\"https:\/\/cmfolclore.ufma.br\/arquivos\/ec437a7271bcff594255d30e9a4ed673.pdf\" target=\"_blank\">Clique Aqui <\/a><\/span><\/td>\n<\/tr>\n<tr bgcolor=\"#F3F3F3\">\n<td valign=\"top\"><span class=\"noticia\">Grupos de Tambor de Crioula (1995) <\/span><\/td>\n<td valign=\"top\"><span class=\"noticia\">Agosto de 1995 <\/span><\/td>\n<td align=\"center\" valign=\"top\"><span class=\"noticia\"><a href=\"https:\/\/cmfolclore.ufma.br\/arquivos\/f6c99ce224aeb497b945d33e72a81179.pdf\" target=\"_blank\">Clique Aqui <\/a><\/span><\/td>\n<\/tr>\n<tr bgcolor=\"#F3F3F3\">\n<td valign=\"top\">\u00a0Terreiros Filiados ao Egito<\/td>\n<td valign=\"top\">\u00a02017<\/td>\n<td align=\"center\" valign=\"top\"><a href=\"http:\/\/www.gpmina.ufma.br\/site\/wp-content\/uploads\/2015\/03\/Terreiros-filiados-Egito-recuperado-2.pdf\">Clique Aqui\u00a0<\/a><\/td>\n<\/tr>\n<\/tbody>\n<\/table>\n","protected":false},"excerpt":{"rendered":"<p>DESCRI\u00c7AO DATA DOWNLOAD INRC \u2013 Invent\u00e1rio Nacional de Refer\u00eancias Culturais Abril de 2002 Clique Aqui Grupos Folcl\u00f3ricos de S\u00e3o Lu\u00eds 1993 Clique Aqui Grupos Folcl\u00f3ricos do interior do Maranh\u00e3o 1994 Clique Aqui Festejos do Divino em S\u00e3o Lu\u00eds 2005 Clique Aqui Festejos do Divino em S\u00e3o Lu\u00eds Junho de 2006 Clique Aqui Grupos de Bumba-meu-boi [&hellip;]<\/p>\n","protected":false},"author":11,"featured_media":0,"parent":0,"menu_order":0,"comment_status":"closed","ping_status":"closed","template":"","meta":{"jetpack_post_was_ever_published":false,"footnotes":""},"class_list":["post-10","page","type-page","status-publish","hentry"],"jetpack-related-posts":[],"jetpack_sharing_enabled":true,"_links":{"self":[{"href":"https:\/\/cmfolclore.ufma.br\/index.php\/wp-json\/wp\/v2\/pages\/10","targetHints":{"allow":["GET"]}}],"collection":[{"href":"https:\/\/cmfolclore.ufma.br\/index.php\/wp-json\/wp\/v2\/pages"}],"about":[{"href":"https:\/\/cmfolclore.ufma.br\/index.php\/wp-json\/wp\/v2\/types\/page"}],"author":[{"embeddable":true,"href":"https:\/\/cmfolclore.ufma.br\/index.php\/wp-json\/wp\/v2\/users\/11"}],"replies":[{"embeddable":true,"href":"https:\/\/cmfolclore.ufma.br\/index.php\/wp-json\/wp\/v2\/comments?post=10"}],"version-history":[{"count":5,"href":"https:\/\/cmfolclore.ufma.br\/index.php\/wp-json\/wp\/v2\/pages\/10\/revisions"}],"predecessor-version":[{"id":261,"href":"https:\/\/cmfolclore.ufma.br\/index.php\/wp-json\/wp\/v2\/pages\/10\/revisions\/261"}],"wp:attachment":[{"href":"https:\/\/cmfolclore.ufma.br\/index.php\/wp-json\/wp\/v2\/media?parent=10"}],"curies":[{"name":"wp","href":"https:\/\/api.w.org\/{rel}","templated":true}]}}