{"id":17,"date":"2015-02-11T14:38:16","date_gmt":"2015-02-11T14:38:16","guid":{"rendered":"https:\/\/cmfolclore.ufma.br\/?page_id=17"},"modified":"2017-05-17T13:57:50","modified_gmt":"2017-05-17T13:57:50","slug":"participantes-2","status":"publish","type":"page","link":"https:\/\/cmfolclore.ufma.br\/index.php\/participantes-2\/","title":{"rendered":"Participantes"},"content":{"rendered":"<p><span class=\"noticia\">Criada em S\u00e3o Lu\u00eds no ano de 1948, por Ant\u00f4nio Lopes, e desde ent\u00e3o filiada \u00e0 Comiss\u00e3o Nacional de Folclore &#8211; CNF. Edita o Boletim da Comiss\u00e3o Maranhense de Folclore (ISSN 1516-1781). Tem sede na Casa de Nhozinho\/SECMA \u2013 Rua Portugal, 185- Praia Grande. \u00c9 parceira do Grupo de Pesquisa: Religi\u00e3o e Cultura Popular &#8211; GPMINA\/UFMA<\/span><\/p>\n<p><strong>COMISS\u00c3O MARANHENSE DE FOLCLORE &#8211; CMF<\/strong><\/p>\n<p>MEMBROS FUNDADORES E TITULARES<br \/>\n1948 &#8211; Organiza\u00e7\u00e3o<br \/>\nAntonio Lopes (in memorian)<br \/>\nDomingos Vieira Filho (in memorian).<br \/>\nFernando Perdig\u00e3o (in memorian)<br \/>\nFulg\u00eancio Pinto (in memorian)<br \/>\nLuci Teixeira (in memorian)<br \/>\nMario Martins Meirelles (in memorian)<br \/>\nRubem Ribeiro de Almeida (in memorian)<\/p>\n<p>1976 \u2013 Reativa\u00e7\u00e3o<br \/>\nDomingos Vieira Filho (in memorian)<br \/>\nJoila Moraes<br \/>\nRold\u00e3o Lima (in memorian)<br \/>\nSergio Figueiredo Ferretti<br \/>\nValdelino C\u00e9cio Soares Dias (in memorian)<\/p>\n<p>1992 \u2013 Reorganiza\u00e7\u00e3o<br \/>\nSergio Figueiredo Ferretti \u2013 ferrettisf@gmail.com<br \/>\nCarlos Orlando Rodrigues de Lima &#8211; (in memorian)<br \/>\nMaria do Socorro Ara\u00fajo \u2013 mariadosocorroaraujo@gmail.com<br \/>\nMaria Michol Pinho de Carvalho \u2013 (in memorian)<br \/>\nCl\u00e1udio Vasconcelos<br \/>\nJandir Silva Gon\u00e7alves \u2013 jandirj@yahoo.com.br<br \/>\nJeovah Silva Fran\u00e7a \u2013 jeovah_franca@yahoo.com.br<br \/>\nJoila Moraes \u2013 joilamoraes@yahoo.com.br<br \/>\nLuis Carlos Mendon\u00e7a Mathias \u2013 siulmatuck@hotmail.com<br \/>\nMundicarmo Maria Rocha Ferretti \u2013 mundicarmorf@gmail.com<br \/>\nRold\u00e3o Lima (in memorian)<br \/>\nValdelino C\u00e9cio Soares Dias (in memorian)<br \/>\nZelinda Machado de Castro e Lima &#8211; patymarks@uol.com.br<\/p>\n<p>MEMBROS ASSOCIADOS<br \/>\nAssociados ap\u00f3s reorganiza\u00e7\u00e3o de 1992<br \/>\nDeborah Lima Baesse \u2013 baesse2008@gmail.com<br \/>\nDeusd\u00e9dit Carneiro Leite Filho \u2013 decalef@ig.com.br<br \/>\nEliane Gaspar Leite \u2013 faiyum@ig.com.br<br \/>\nFrancisca Esther de S\u00e1 Marques \u2013 esmarques@oi.com.br<br \/>\nIzaurina de Azevedo Nunes \u2013 izaununes@yahoo.com.br (desligada)<br \/>\nJosimar Mendes Silva \u2013 josimarmensi@yahoo.com.br<br \/>\nLenir Pereira dos Santos Oliveira \u2013 lpsoliveira@yahoo.com.br<br \/>\nM\u00e1rcia Tereza Pinto Mendes \u2013 marh@oi.com.br<br \/>\nMargareth Gomes Figueiredo \u2013 mmgf@bol.com.br<br \/>\nMaria da Gl\u00f3ria Guimar\u00e3es Correia \u2013 mariagcorreia@ig.com.br<br \/>\nMaria do Ros\u00e1rio Carvalho Santos (in memorian)<br \/>\nNizeth Aranha Medeiros (desligada)<br \/>\nRoza Maria dos Santos \u2013 rozasantus@yahoo.com.br<br \/>\nSurama de Almeida Freitas \u2013 surafreitas@yahoo.com.br<br \/>\nTerezinha de Jesus Jansen Pereira (in memorian)<\/p>\n<p>Associados ap\u00f3s Estatuto de 28\/01\/2009<br \/>\nAbmalena Santos Sanches \u2013 abmalenass@hotmail.com<br \/>\nCarolina de Souza Martins \u2013 caroldesouzamartins@gmail.com<br \/>\nElisene Castro Matos &#8211; elisenecc@gmail.com<br \/>\nEloy Barbosa de Abreu\u00a0\u2013 eloyabreuclio@gmail.com<br \/>\nFl\u00e1via Andresa Oliveira de Menezes \u2013 flavik.andresa@gmail.com<br \/>\nGerson Carlos Pereira Lindoso \u2013 glindoso@oi.com.br<br \/>\nIsa Prazeres Pestana \u2013 praseres.isa@hotmail.com<br \/>\nIsanda Falc\u00e3o \u2013 isandalua@yahoo.com.br<br \/>\nJo\u00e3o Paulo Soares Junior \u2013 (in memorian)<br \/>\nKeyla Cristina Santana Pereira \u2013 lady_keyla@yahoo.com.br<br \/>\nLilian Brito Alves \u2013 lilian.brito.alves@gmail.com<br \/>\nL\u00edlian Cristina Santos Matos &#8211; lilia.matos@yahoo.com.br<br \/>\nLouise Aur\u00e9lia Furtado da Silva \u2013 louiseaurelio@yahoo.com.br<br \/>\nMaria Raimunda Ara\u00fajo \u2013 mundinharaujo@bol.com.br<br \/>\nMarilande Martins Abreu \u2013 landeabreu@hotmail.com<br \/>\nNadir Olga Cruz &#8211; nadirolgacruz@yahoo.com.br<br \/>\nN\u00edvea Saraiva dos Santos \u2013 niveasaraiva@bol.com.br<br \/>\nReinilda Oliveira \u2013 reinilda.oliveira@folha.com.br<br \/>\nPoliana de Sousa Nascimento \u2013 polianadsn@gmail.com<\/p>\n","protected":false},"excerpt":{"rendered":"<p>Criada em S\u00e3o Lu\u00eds no ano de 1948, por Ant\u00f4nio Lopes, e desde ent\u00e3o filiada \u00e0 Comiss\u00e3o Nacional de Folclore &#8211; CNF. Edita o Boletim da Comiss\u00e3o Maranhense de Folclore (ISSN 1516-1781). Tem sede na Casa de Nhozinho\/SECMA \u2013 Rua Portugal, 185- Praia Grande. \u00c9 parceira do Grupo de Pesquisa: Religi\u00e3o e Cultura Popular &#8211; [&hellip;]<\/p>\n","protected":false},"author":11,"featured_media":0,"parent":0,"menu_order":0,"comment_status":"closed","ping_status":"closed","template":"","meta":{"jetpack_post_was_ever_published":false,"footnotes":""},"class_list":["post-17","page","type-page","status-publish","hentry"],"jetpack-related-posts":[],"jetpack_sharing_enabled":true,"_links":{"self":[{"href":"https:\/\/cmfolclore.ufma.br\/index.php\/wp-json\/wp\/v2\/pages\/17","targetHints":{"allow":["GET"]}}],"collection":[{"href":"https:\/\/cmfolclore.ufma.br\/index.php\/wp-json\/wp\/v2\/pages"}],"about":[{"href":"https:\/\/cmfolclore.ufma.br\/index.php\/wp-json\/wp\/v2\/types\/page"}],"author":[{"embeddable":true,"href":"https:\/\/cmfolclore.ufma.br\/index.php\/wp-json\/wp\/v2\/users\/11"}],"replies":[{"embeddable":true,"href":"https:\/\/cmfolclore.ufma.br\/index.php\/wp-json\/wp\/v2\/comments?post=17"}],"version-history":[{"count":8,"href":"https:\/\/cmfolclore.ufma.br\/index.php\/wp-json\/wp\/v2\/pages\/17\/revisions"}],"predecessor-version":[{"id":269,"href":"https:\/\/cmfolclore.ufma.br\/index.php\/wp-json\/wp\/v2\/pages\/17\/revisions\/269"}],"wp:attachment":[{"href":"https:\/\/cmfolclore.ufma.br\/index.php\/wp-json\/wp\/v2\/media?parent=17"}],"curies":[{"name":"wp","href":"https:\/\/api.w.org\/{rel}","templated":true}]}}